{"id":74,"date":"2021-11-10T12:49:35","date_gmt":"2021-11-10T10:49:35","guid":{"rendered":"https:\/\/viwil.es\/?page_id=74"},"modified":"2021-11-25T00:07:01","modified_gmt":"2021-11-24T22:07:01","slug":"qui-soc","status":"publish","type":"page","link":"https:\/\/viwil.es\/ca\/qui-soc\/","title":{"rendered":"Qui s\u00f3c"},"content":{"rendered":"\t\t<div data-elementor-type=\"wp-page\" data-elementor-id=\"74\" class=\"elementor elementor-74\" data-elementor-settings=\"[]\">\n\t\t\t\t\t\t\t<div class=\"elementor-section-wrap\">\n\t\t\t\t\t\t\t<section class=\"elementor-section elementor-top-section elementor-element elementor-element-e0f06bd elementor-section-full_width elementor-section-height-default elementor-section-height-default\" data-id=\"e0f06bd\" data-element_type=\"section\" data-settings=\"{&quot;background_background&quot;:&quot;classic&quot;}\">\n\t\t\t\t\t\t\t<div class=\"elementor-background-overlay\"><\/div>\n\t\t\t\t\t\t\t<div class=\"elementor-container elementor-column-gap-default\">\n\t\t\t\t\t<div class=\"elementor-column elementor-col-100 elementor-top-column elementor-element elementor-element-c6db261\" data-id=\"c6db261\" data-element_type=\"column\">\n\t\t\t<div class=\"elementor-widget-wrap elementor-element-populated\">\n\t\t\t\t\t\t\t\t<div class=\"elementor-element elementor-element-27cec4b animated-slow elementor-invisible elementor-widget elementor-widget-heading\" data-id=\"27cec4b\" data-element_type=\"widget\" data-settings=\"{&quot;_animation&quot;:&quot;fadeIn&quot;,&quot;_animation_delay&quot;:300}\" data-widget_type=\"heading.default\">\n\t\t\t\t<div class=\"elementor-widget-container\">\n\t\t\t<h1 class=\"elementor-heading-title elementor-size-default\">El perqu\u00e8 de<\/h1>\t\t<\/div>\n\t\t\t\t<\/div>\n\t\t\t\t<div class=\"elementor-element elementor-element-ba82533 animated-slow elementor-invisible elementor-widget elementor-widget-image\" data-id=\"ba82533\" data-element_type=\"widget\" data-settings=\"{&quot;_animation&quot;:&quot;fadeInLeft&quot;}\" data-widget_type=\"image.default\">\n\t\t\t\t<div class=\"elementor-widget-container\">\n\t\t\t\t\t\t\t\t\t\t\t\t\t\t\t<img decoding=\"async\" width=\"205\" height=\"49\" src=\"https:\/\/viwil.es\/wp-content\/uploads\/2021\/11\/Viwil-logo-blanc.svg\" class=\"attachment-large size-large\" alt=\"\" \/>\t\t\t\t\t\t\t\t\t\t\t\t\t\t\t<\/div>\n\t\t\t\t<\/div>\n\t\t\t\t\t<\/div>\n\t\t<\/div>\n\t\t\t\t\t\t\t<\/div>\n\t\t<\/section>\n\t\t\t\t<section class=\"elementor-section elementor-top-section elementor-element elementor-element-89da1b8 elementor-section-full_width elementor-reverse-mobile elementor-section-height-default elementor-section-height-default\" data-id=\"89da1b8\" data-element_type=\"section\">\n\t\t\t\t\t\t<div class=\"elementor-container elementor-column-gap-default\">\n\t\t\t\t\t<div class=\"elementor-column elementor-col-100 elementor-top-column elementor-element elementor-element-5b3cf1d\" data-id=\"5b3cf1d\" data-element_type=\"column\">\n\t\t\t<div class=\"elementor-widget-wrap elementor-element-populated\">\n\t\t\t\t\t\t\t\t<div class=\"elementor-element elementor-element-099e76c animated-slow elementor-invisible elementor-widget elementor-widget-text-editor\" data-id=\"099e76c\" data-element_type=\"widget\" data-settings=\"{&quot;_animation&quot;:&quot;fadeIn&quot;}\" data-widget_type=\"text-editor.default\">\n\t\t\t\t<div class=\"elementor-widget-container\">\n\t\t\t\t\t\t\t<p>Em dic V\u00edctor Da Costa i s\u00f3c un apassionat de l\u2019esport i el running. Vaig estudiar Ci\u00e8ncies de l\u2019Activitat F\u00edsica i l\u2019Esport per obtenir una formaci\u00f3 m\u00e9s acad\u00e8mica d\u2019all\u00f2 que per a mi era una aut\u00e8ntica passi\u00f3. Gr\u00e0cies a aix\u00f2, ara gestiono el meu propi centre d\u2019entrenament enfocat \u00fanica i exclusivament a l\u2019educaci\u00f3, l\u2019entrenament i la motivaci\u00f3 per a la pr\u00e0ctica esportiva individualitzada de persones.<\/p><p>Avalen la meva feina m\u00e9s de 15 anys d\u2019experi\u00e8ncia en el m\u00f3n del running, durant els quals he participat en curses internacionals com les ic\u00f2niques maratons de Boston i Nova York, i vaig quedar en primera posici\u00f3 a la 10th Disney Princess Half Marathon d\u2019Orlando. Als Estats Units, vaig treballar 5 anys com a formador i cap de l\u2019\u00e0rea esportiva de l\u2019acad\u00e8mia IdeaSports, dins del centre ESPN World Wide of Sports a Disney.<\/p>\t\t\t\t\t\t<\/div>\n\t\t\t\t<\/div>\n\t\t\t\t\t<\/div>\n\t\t<\/div>\n\t\t\t\t\t\t\t<\/div>\n\t\t<\/section>\n\t\t\t\t<section class=\"elementor-section elementor-top-section elementor-element elementor-element-33f73ea elementor-section-full_width animated-slow elementor-section-height-default elementor-section-height-default elementor-invisible\" data-id=\"33f73ea\" data-element_type=\"section\" data-settings=\"{&quot;animation&quot;:&quot;fadeInUp&quot;,&quot;animation_delay&quot;:300}\">\n\t\t\t\t\t\t<div class=\"elementor-container elementor-column-gap-default\">\n\t\t\t\t\t<div class=\"elementor-column elementor-col-100 elementor-top-column elementor-element elementor-element-0c84aa3\" data-id=\"0c84aa3\" data-element_type=\"column\">\n\t\t\t<div class=\"elementor-widget-wrap elementor-element-populated\">\n\t\t\t\t\t\t\t\t<div class=\"elementor-element elementor-element-ae34b2c elementor-widget elementor-widget-qi_addons_for_elementor_image_slider\" data-id=\"ae34b2c\" data-element_type=\"widget\" data-widget_type=\"qi_addons_for_elementor_image_slider.default\">\n\t\t\t\t<div class=\"elementor-widget-container\">\n\t\t\t<div class=\"qodef-shortcode qodef-m  qodef-qi-image-slider qodef-qi-fslightbox-popup qodef-popup-gallery    qodef-col-num--2 qodef-qi-grid qodef-qi-swiper-container  qodef-navigation--inside  qodef-pagination--outside     qodef-navigation--hover-move\" data-options=\"{&quot;direction&quot;:&quot;horizontal&quot;,&quot;slidesPerView&quot;:&quot;2&quot;,&quot;spaceBetween&quot;:15,&quot;spaceBetweenTablet&quot;:15,&quot;spaceBetweenMobile&quot;:15,&quot;effect&quot;:&quot;&quot;,&quot;loop&quot;:true,&quot;autoplay&quot;:true,&quot;centeredSlides&quot;:true,&quot;speed&quot;:&quot;&quot;,&quot;speedAnimation&quot;:&quot;&quot;,&quot;outsideNavigation&quot;:&quot;no&quot;,&quot;outsidePagination&quot;:&quot;yes&quot;,&quot;unique&quot;:379,&quot;partialValue&quot;:0.2,&quot;disablePartialValue&quot;:&quot;&quot;}\">\n\t<div class=\"swiper-wrapper\">\n\t\t\n<div class=\"qodef-e swiper-slide\">\n\t<div class=\"qodef-e-inner\">\n\t\t\t\t\t<a class=\"qodef-popup-item\" itemprop=\"image\" href=\"https:\/\/viwil.es\/wp-content\/uploads\/2021\/11\/6391_20210926_115046_206478491_original.jpg\" data-type=\"image\" data-fslightbox=\"gallery-379\">\n\t\t\t\t\t<img width=\"848\" height=\"575\" src=\"https:\/\/viwil.es\/wp-content\/uploads\/2021\/11\/6391_20210926_115046_206478491_original.jpg\" class=\"attachment-full size-full\" alt=\"\" decoding=\"async\" srcset=\"https:\/\/viwil.es\/wp-content\/uploads\/2021\/11\/6391_20210926_115046_206478491_original.jpg 848w, https:\/\/viwil.es\/wp-content\/uploads\/2021\/11\/6391_20210926_115046_206478491_original-300x203.jpg 300w, https:\/\/viwil.es\/wp-content\/uploads\/2021\/11\/6391_20210926_115046_206478491_original-768x521.jpg 768w\" sizes=\"(max-width: 848px) 100vw, 848px\" \/>\t\t\t\t\t<\/a>\n\t\t\n        \t<\/div>\n<\/div>\n\n<div class=\"qodef-e swiper-slide\">\n\t<div class=\"qodef-e-inner\">\n\t\t\t\t\t<a class=\"qodef-popup-item\" itemprop=\"image\" href=\"https:\/\/viwil.es\/wp-content\/uploads\/2021\/11\/PhotoPass_Visiting_WDWRUNDISNEY_8194161713.jpg\" data-type=\"image\" data-fslightbox=\"gallery-379\">\n\t\t\t\t\t<img width=\"848\" height=\"575\" src=\"https:\/\/viwil.es\/wp-content\/uploads\/2021\/11\/PhotoPass_Visiting_WDWRUNDISNEY_8194161713.jpg\" class=\"attachment-full size-full\" alt=\"\" decoding=\"async\" srcset=\"https:\/\/viwil.es\/wp-content\/uploads\/2021\/11\/PhotoPass_Visiting_WDWRUNDISNEY_8194161713.jpg 848w, https:\/\/viwil.es\/wp-content\/uploads\/2021\/11\/PhotoPass_Visiting_WDWRUNDISNEY_8194161713-300x203.jpg 300w, https:\/\/viwil.es\/wp-content\/uploads\/2021\/11\/PhotoPass_Visiting_WDWRUNDISNEY_8194161713-768x521.jpg 768w\" sizes=\"(max-width: 848px) 100vw, 848px\" \/>\t\t\t\t\t<\/a>\n\t\t\n        \t<\/div>\n<\/div>\n\n<div class=\"qodef-e swiper-slide\">\n\t<div class=\"qodef-e-inner\">\n\t\t\t\t\t<a class=\"qodef-popup-item\" itemprop=\"image\" href=\"https:\/\/viwil.es\/wp-content\/uploads\/2021\/11\/QENI9715.jpg\" data-type=\"image\" data-fslightbox=\"gallery-379\">\n\t\t\t\t\t<img width=\"848\" height=\"575\" src=\"https:\/\/viwil.es\/wp-content\/uploads\/2021\/11\/QENI9715.jpg\" class=\"attachment-full size-full\" alt=\"\" decoding=\"async\" srcset=\"https:\/\/viwil.es\/wp-content\/uploads\/2021\/11\/QENI9715.jpg 848w, https:\/\/viwil.es\/wp-content\/uploads\/2021\/11\/QENI9715-300x203.jpg 300w, https:\/\/viwil.es\/wp-content\/uploads\/2021\/11\/QENI9715-768x521.jpg 768w\" sizes=\"(max-width: 848px) 100vw, 848px\" \/>\t\t\t\t\t<\/a>\n\t\t\n        \t<\/div>\n<\/div>\n\n<div class=\"qodef-e swiper-slide\">\n\t<div class=\"qodef-e-inner\">\n\t\t\t\t\t<a class=\"qodef-popup-item\" itemprop=\"image\" href=\"https:\/\/viwil.es\/wp-content\/uploads\/2021\/11\/RDM_7316-1.jpg\" data-type=\"image\" data-fslightbox=\"gallery-379\">\n\t\t\t\t\t<img width=\"848\" height=\"575\" src=\"https:\/\/viwil.es\/wp-content\/uploads\/2021\/11\/RDM_7316-1.jpg\" class=\"attachment-full size-full\" alt=\"\" decoding=\"async\" srcset=\"https:\/\/viwil.es\/wp-content\/uploads\/2021\/11\/RDM_7316-1.jpg 848w, https:\/\/viwil.es\/wp-content\/uploads\/2021\/11\/RDM_7316-1-300x203.jpg 300w, https:\/\/viwil.es\/wp-content\/uploads\/2021\/11\/RDM_7316-1-768x521.jpg 768w\" sizes=\"(max-width: 848px) 100vw, 848px\" \/>\t\t\t\t\t<\/a>\n\t\t\n        \t<\/div>\n<\/div>\n\n<div class=\"qodef-e swiper-slide\">\n\t<div class=\"qodef-e-inner\">\n\t\t\t\t\t<a class=\"qodef-popup-item\" itemprop=\"image\" href=\"https:\/\/viwil.es\/wp-content\/uploads\/2021\/11\/Grupo-67.jpg\" data-type=\"image\" data-fslightbox=\"gallery-379\">\n\t\t\t\t\t<img width=\"848\" height=\"575\" src=\"https:\/\/viwil.es\/wp-content\/uploads\/2021\/11\/Grupo-67.jpg\" class=\"attachment-full size-full\" alt=\"\" decoding=\"async\" srcset=\"https:\/\/viwil.es\/wp-content\/uploads\/2021\/11\/Grupo-67.jpg 848w, https:\/\/viwil.es\/wp-content\/uploads\/2021\/11\/Grupo-67-300x203.jpg 300w, https:\/\/viwil.es\/wp-content\/uploads\/2021\/11\/Grupo-67-768x521.jpg 768w\" sizes=\"(max-width: 848px) 100vw, 848px\" \/>\t\t\t\t\t<\/a>\n\t\t\n        \t<\/div>\n<\/div>\n\t<\/div>\n\t\t<div class=\"swiper-button-prev\"><svg  xmlns=\"http:\/\/www.w3.org\/2000\/svg\" xmlns:xlink=\"http:\/\/www.w3.org\/1999\/xlink\" x=\"0px\" y=\"0px\" viewBox=\"0 0 34.2 32.3\" xml:space=\"preserve\" style=\"stroke-width: 2;\"><line x1=\"0.5\" y1=\"16\" x2=\"33.5\" y2=\"16\"\/><line x1=\"0.3\" y1=\"16.5\" x2=\"16.2\" y2=\"0.7\"\/><line x1=\"0\" y1=\"15.4\" x2=\"16.2\" y2=\"31.6\"\/><\/svg><\/div>\n\t<div class=\"swiper-button-next\"><svg  xmlns=\"http:\/\/www.w3.org\/2000\/svg\" xmlns:xlink=\"http:\/\/www.w3.org\/1999\/xlink\" x=\"0px\" y=\"0px\" viewBox=\"0 0 34.2 32.3\" xml:space=\"preserve\" style=\"stroke-width: 2;\"><line x1=\"0\" y1=\"16\" x2=\"33\" y2=\"16\"\/><line x1=\"17.3\" y1=\"0.7\" x2=\"33.2\" y2=\"16.5\"\/><line x1=\"17.3\" y1=\"31.6\" x2=\"33.5\" y2=\"15.4\"\/><\/svg><\/div>\n<\/div>\n\t<div class=\"swiper-pagination qodef-swiper-pagination-outside swiper-pagination-379\"><\/div>\n\t\t<\/div>\n\t\t\t\t<\/div>\n\t\t\t\t\t<\/div>\n\t\t<\/div>\n\t\t\t\t\t\t\t<\/div>\n\t\t<\/section>\n\t\t\t\t<section class=\"elementor-section elementor-top-section elementor-element elementor-element-bdaf312 elementor-section-full_width elementor-section-height-default elementor-section-height-default\" data-id=\"bdaf312\" data-element_type=\"section\">\n\t\t\t\t\t\t<div class=\"elementor-container elementor-column-gap-default\">\n\t\t\t\t\t<div class=\"elementor-column elementor-col-100 elementor-top-column elementor-element elementor-element-9827920\" data-id=\"9827920\" data-element_type=\"column\">\n\t\t\t<div class=\"elementor-widget-wrap elementor-element-populated\">\n\t\t\t\t\t\t\t\t<div class=\"elementor-element elementor-element-91fdf94 animated-slow elementor-invisible elementor-widget elementor-widget-heading\" data-id=\"91fdf94\" data-element_type=\"widget\" data-settings=\"{&quot;_animation&quot;:&quot;fadeIn&quot;}\" data-widget_type=\"heading.default\">\n\t\t\t\t<div class=\"elementor-widget-container\">\n\t\t\t<h4 class=\"elementor-heading-title elementor-size-default\">Superaci\u00f3, creixement i objectius<\/h4>\t\t<\/div>\n\t\t\t\t<\/div>\n\t\t\t\t<div class=\"elementor-element elementor-element-0a52f5c animated-slow elementor-invisible elementor-widget elementor-widget-heading\" data-id=\"0a52f5c\" data-element_type=\"widget\" data-settings=\"{&quot;_animation&quot;:&quot;fadeIn&quot;,&quot;_animation_delay&quot;:300}\" data-widget_type=\"heading.default\">\n\t\t\t\t<div class=\"elementor-widget-container\">\n\t\t\t<h2 class=\"elementor-heading-title elementor-size-default\">Filosofia<\/h2>\t\t<\/div>\n\t\t\t\t<\/div>\n\t\t\t\t\t<\/div>\n\t\t<\/div>\n\t\t\t\t\t\t\t<\/div>\n\t\t<\/section>\n\t\t\t\t<section class=\"elementor-section elementor-top-section elementor-element elementor-element-4eae062 elementor-section-full_width elementor-section-height-default elementor-section-height-default\" data-id=\"4eae062\" data-element_type=\"section\">\n\t\t\t\t\t\t<div class=\"elementor-container elementor-column-gap-default\">\n\t\t\t\t\t<div class=\"elementor-column elementor-col-50 elementor-top-column elementor-element elementor-element-694f84d\" data-id=\"694f84d\" data-element_type=\"column\" data-settings=\"{&quot;background_background&quot;:&quot;classic&quot;,&quot;motion_fx_motion_fx_scrolling&quot;:&quot;yes&quot;,&quot;motion_fx_translateY_effect&quot;:&quot;yes&quot;,&quot;motion_fx_translateY_direction&quot;:&quot;negative&quot;,&quot;motion_fx_translateY_speed&quot;:{&quot;unit&quot;:&quot;px&quot;,&quot;size&quot;:1.1,&quot;sizes&quot;:[]},&quot;motion_fx_translateY_affectedRange&quot;:{&quot;unit&quot;:&quot;%&quot;,&quot;size&quot;:&quot;&quot;,&quot;sizes&quot;:{&quot;start&quot;:0,&quot;end&quot;:100}},&quot;motion_fx_devices&quot;:[&quot;desktop&quot;,&quot;tablet&quot;,&quot;mobile&quot;]}\">\n\t\t\t<div class=\"elementor-widget-wrap elementor-element-populated\">\n\t\t\t\t\t\t\t\t<div class=\"elementor-element elementor-element-651d2c1 elementor-widget elementor-widget-spacer\" data-id=\"651d2c1\" data-element_type=\"widget\" data-widget_type=\"spacer.default\">\n\t\t\t\t<div class=\"elementor-widget-container\">\n\t\t\t\t\t<div class=\"elementor-spacer\">\n\t\t\t<div class=\"elementor-spacer-inner\"><\/div>\n\t\t<\/div>\n\t\t\t\t<\/div>\n\t\t\t\t<\/div>\n\t\t\t\t\t<\/div>\n\t\t<\/div>\n\t\t\t\t<div class=\"elementor-column elementor-col-50 elementor-top-column elementor-element elementor-element-0c34685 animated-slow elementor-invisible\" data-id=\"0c34685\" data-element_type=\"column\" data-settings=\"{&quot;background_background&quot;:&quot;classic&quot;,&quot;animation&quot;:&quot;fadeIn&quot;,&quot;animation_delay&quot;:300}\">\n\t\t\t<div class=\"elementor-widget-wrap elementor-element-populated\">\n\t\t\t\t\t\t\t\t<div class=\"elementor-element elementor-element-313d48b elementor-widget elementor-widget-image\" data-id=\"313d48b\" data-element_type=\"widget\" data-widget_type=\"image.default\">\n\t\t\t\t<div class=\"elementor-widget-container\">\n\t\t\t\t\t\t\t\t\t\t\t\t\t\t\t<img decoding=\"async\" width=\"64\" height=\"64\" src=\"https:\/\/viwil.es\/wp-content\/uploads\/2021\/11\/Arrow-circle.svg\" class=\"attachment-large size-large\" alt=\"\" \/>\t\t\t\t\t\t\t\t\t\t\t\t\t\t\t<\/div>\n\t\t\t\t<\/div>\n\t\t\t\t<div class=\"elementor-element elementor-element-f110800 elementor-widget elementor-widget-text-editor\" data-id=\"f110800\" data-element_type=\"widget\" data-widget_type=\"text-editor.default\">\n\t\t\t\t<div class=\"elementor-widget-container\">\n\t\t\t\t\t\t\t<p>La <strong>salut<\/strong> \u00e9s un dels pilars sobre els quals se sustenta VIWIL, perqu\u00e8 sense ella la pr\u00e0ctica d\u2019esport es pot veure limitada. Un dels aspectes m\u00e9s importants al meu centre d\u2019entrenament \u00e9s la <strong>motivaci\u00f3 per assolir els objectius<\/strong>, un \u00e0mbit en qu\u00e8 guio als meus clients de forma personalitzada.<\/p>\n<p>Un estil de vida basat en l\u2019esport \u00e9s indispensable per aconseguir <strong>equilibrar cos i ment<\/strong>. La pr\u00e0ctica d\u2019esport pot fer que l\u2019estat d\u2019\u00e0nim de les persones millori substancialment, a m\u00e9s de derivar en un millor descans i, fins i tot, millorar l\u2019autoconfian\u00e7a.<\/p>\n<p>La responsabilitat, la diversi\u00f3 en l\u2019esport, el comprom\u00eds i l\u2019evoluci\u00f3 personal s\u00f3n alguns dels valors amb els que treballo. A qu\u00e8 esperes per comen\u00e7ar a millorar?<\/p>\t\t\t\t\t\t<\/div>\n\t\t\t\t<\/div>\n\t\t\t\t<div class=\"elementor-element elementor-element-026dd0d elementor-widget elementor-widget-heading\" data-id=\"026dd0d\" data-element_type=\"widget\" data-widget_type=\"heading.default\">\n\t\t\t\t<div class=\"elementor-widget-container\">\n\t\t\t<h3 class=\"elementor-heading-title elementor-size-default\"><a href=\"https:\/\/www.instagram.com\/viwilbyvictordacosta\/\" target=\"_blank\">#ning\u00faregalares<\/a><\/h3>\t\t<\/div>\n\t\t\t\t<\/div>\n\t\t\t\t\t<\/div>\n\t\t<\/div>\n\t\t\t\t\t\t\t<\/div>\n\t\t<\/section>\n\t\t\t\t\t\t<\/div>\n\t\t\t\t\t<\/div>\n\t\t","protected":false},"excerpt":{"rendered":"<p>El perqu\u00e8 de Em dic V\u00edctor Da Costa i s\u00f3c un apassionat de l\u2019esport i el running. Vaig estudiar Ci\u00e8ncies de l\u2019Activitat F\u00edsica i l\u2019Esport per obtenir una formaci\u00f3 m\u00e9s acad\u00e8mica d\u2019all\u00f2 que per a mi era una aut\u00e8ntica passi\u00f3. Gr\u00e0cies a aix\u00f2, ara gestiono el meu propi centre d\u2019entrenament enfocat \u00fanica i exclusivament a [&hellip;]<\/p>\n","protected":false},"author":1,"featured_media":0,"parent":0,"menu_order":0,"comment_status":"closed","ping_status":"closed","template":"elementor_header_footer","meta":[],"_links":{"self":[{"href":"https:\/\/viwil.es\/ca\/wp-json\/wp\/v2\/pages\/74"}],"collection":[{"href":"https:\/\/viwil.es\/ca\/wp-json\/wp\/v2\/pages"}],"about":[{"href":"https:\/\/viwil.es\/ca\/wp-json\/wp\/v2\/types\/page"}],"author":[{"embeddable":true,"href":"https:\/\/viwil.es\/ca\/wp-json\/wp\/v2\/users\/1"}],"replies":[{"embeddable":true,"href":"https:\/\/viwil.es\/ca\/wp-json\/wp\/v2\/comments?post=74"}],"version-history":[{"count":76,"href":"https:\/\/viwil.es\/ca\/wp-json\/wp\/v2\/pages\/74\/revisions"}],"predecessor-version":[{"id":470,"href":"https:\/\/viwil.es\/ca\/wp-json\/wp\/v2\/pages\/74\/revisions\/470"}],"wp:attachment":[{"href":"https:\/\/viwil.es\/ca\/wp-json\/wp\/v2\/media?parent=74"}],"curies":[{"name":"wp","href":"https:\/\/api.w.org\/{rel}","templated":true}]}}